{"id":4109,"date":"2026-01-29T16:42:30","date_gmt":"2026-01-29T15:42:30","guid":{"rendered":"https:\/\/www.camping-la-siesta.com\/activites-la-faute-sur-mer-2\/"},"modified":"2026-04-01T12:00:14","modified_gmt":"2026-04-01T10:00:14","slug":"surroundings-la-faute-sur-mer","status":"publish","type":"page","link":"https:\/\/www.camping-la-siesta.com\/en\/surroundings-la-faute-sur-mer\/","title":{"rendered":"Surroundings"},"content":{"rendered":"\n<div class=\"wp-block-group section-list-blog has-custom-color-5-background-color has-background has-global-padding is-layout-constrained wp-container-core-group-is-layout-34603e6c wp-block-group-is-layout-constrained\" style=\"margin-top:0px;margin-bottom:0px;padding-top:4rem;padding-right:6rem;padding-bottom:10rem;padding-left:6rem\">\n<h1 class=\"wp-block-heading has-text-align-center big-title has-custom-color-1-color has-text-color has-link-color wp-elements-400e4b648f454bf61b1e9882c7e6ae2b\" style=\"margin-bottom:2rem;font-size:clamp(2.937rem, 2.937rem + ((1vw - 0.2rem) * 4.688), 5.75rem);\">Surroundings<\/h1>\n\n\n\n<div class=\"wp-block-query is-layout-flow wp-block-query-is-layout-flow\"><ul style=\"margin-top:0px;\" class=\"wp-block-post-template is-layout-flow wp-block-post-template-is-layout-flow\"><li class=\"wp-block-post post-4191 page type-page status-publish has-post-thumbnail hentry\">\n<a href=\"https:\/\/www.camping-la-siesta.com\/en\/surroundings-la-faute-sur-mer\/family-activities-la-faute-sur-mer\/\"    style=\"padding-top:0;padding-bottom:0;padding-left:0;padding-right:0;margin-top:0px;\" class=\"wp-block-tiptip-hyperlink-group-block\" >\n<div class=\"wp-block-group has-base-2-background-color has-background has-global-padding is-layout-constrained wp-block-group-is-layout-constrained\" style=\"border-top-left-radius:0px;border-top-right-radius:0px;border-bottom-left-radius:0px;border-bottom-right-radius:0px;margin-top:0px\">\n<figure class=\"wp-block-image cover\"><img decoding=\"async\" src=\"https:\/\/www.camping-la-siesta.com\/wp-content\/uploads\/2026\/02\/Visiter-La-Rochelle-1.jpg\" alt=\"\"\/><\/figure>\n\n\n\n<div class=\"wp-block-group has-global-padding is-layout-constrained wp-container-core-group-is-layout-86dba5ee wp-block-group-is-layout-constrained\" style=\"padding-top:var(--wp--preset--spacing--10);padding-right:var(--wp--preset--spacing--10);padding-bottom:var(--wp--preset--spacing--10);padding-left:var(--wp--preset--spacing--10)\"><h2 class=\"wp-block-post-title has-elegant-font-family\">Family activities<\/h2>\n\n<div class=\"wp-block-post-excerpt\"><p class=\"wp-block-post-excerpt__excerpt\">Outdoor activities During your stay at **** La Siesta, live out your passion for horses!Stroll along long sandy beaches, hike through pine forests&#8230; Discover the Vend\u00e9e countryside on horseback or&hellip; <\/p><\/div><\/div>\n<\/div>\n<\/a>\n<\/li><li class=\"wp-block-post post-4073 page type-page status-publish has-post-thumbnail hentry\">\n<a href=\"https:\/\/www.camping-la-siesta.com\/en\/surroundings-la-faute-sur-mer\/activities-la-faute-sur-mer\/\"    style=\"padding-top:0;padding-bottom:0;padding-left:0;padding-right:0;margin-top:0px;\" class=\"wp-block-tiptip-hyperlink-group-block\" >\n<div class=\"wp-block-group has-base-2-background-color has-background has-global-padding is-layout-constrained wp-block-group-is-layout-constrained\" style=\"border-top-left-radius:0px;border-top-right-radius:0px;border-bottom-left-radius:0px;border-bottom-right-radius:0px;margin-top:0px\">\n<figure class=\"wp-block-image cover\"><img decoding=\"async\" src=\"https:\/\/www.camping-la-siesta.com\/wp-content\/uploads\/2026\/02\/La-Faute-sur-Mer-plages-1-e1770913298519.jpg\" alt=\"\"\/><\/figure>\n\n\n\n<div class=\"wp-block-group has-global-padding is-layout-constrained wp-container-core-group-is-layout-86dba5ee wp-block-group-is-layout-constrained\" style=\"padding-top:var(--wp--preset--spacing--10);padding-right:var(--wp--preset--spacing--10);padding-bottom:var(--wp--preset--spacing--10);padding-left:var(--wp--preset--spacing--10)\"><h2 class=\"wp-block-post-title has-elegant-font-family\">Leisure activities<\/h2>\n\n<div class=\"wp-block-post-excerpt\"><p class=\"wp-block-post-excerpt__excerpt\">Activities for your children Around the campsite, numerous fun and educational activities await your children for days full of discovery. La Faute-sur-Mer and the surrounding area are full of accessible&hellip; <\/p><\/div><\/div>\n<\/div>\n<\/a>\n<\/li><li class=\"wp-block-post post-4153 page type-page status-publish has-post-thumbnail hentry\">\n<a href=\"https:\/\/www.camping-la-siesta.com\/en\/surroundings-la-faute-sur-mer\/nautical-activities-la-faute-sur-mer\/\"    style=\"padding-top:0;padding-bottom:0;padding-left:0;padding-right:0;margin-top:0px;\" class=\"wp-block-tiptip-hyperlink-group-block\" >\n<div class=\"wp-block-group has-base-2-background-color has-background has-global-padding is-layout-constrained wp-block-group-is-layout-constrained\" style=\"border-top-left-radius:0px;border-top-right-radius:0px;border-bottom-left-radius:0px;border-bottom-right-radius:0px;margin-top:0px\">\n<figure class=\"wp-block-image cover\"><img decoding=\"async\" src=\"https:\/\/www.camping-la-siesta.com\/wp-content\/uploads\/2026\/02\/Initiation-a-la-voile.jpg\" alt=\"\"\/><\/figure>\n\n\n\n<div class=\"wp-block-group has-global-padding is-layout-constrained wp-container-core-group-is-layout-86dba5ee wp-block-group-is-layout-constrained\" style=\"padding-top:var(--wp--preset--spacing--10);padding-right:var(--wp--preset--spacing--10);padding-bottom:var(--wp--preset--spacing--10);padding-left:var(--wp--preset--spacing--10)\"><h2 class=\"wp-block-post-title has-elegant-font-family\">Nautical activities<\/h2>\n\n<div class=\"wp-block-post-excerpt\"><p class=\"wp-block-post-excerpt__excerpt\">Sand yachting Sand yachting is a sport in harmony with nature. Easy to learn, it&#8217;s accessible to everyone. In just a few minutes, you&#8217;ll be able to handle your craft&hellip; <\/p><\/div><\/div>\n<\/div>\n<\/a>\n<\/li><li class=\"wp-block-post post-4001 page type-page status-publish has-post-thumbnail hentry\">\n<a href=\"https:\/\/www.camping-la-siesta.com\/en\/surroundings-la-faute-sur-mer\/visit-la-rochelle-aquarium\/\"    style=\"padding-top:0;padding-bottom:0;padding-left:0;padding-right:0;margin-top:0px;\" class=\"wp-block-tiptip-hyperlink-group-block\" >\n<div class=\"wp-block-group has-base-2-background-color has-background has-global-padding is-layout-constrained wp-block-group-is-layout-constrained\" style=\"border-top-left-radius:0px;border-top-right-radius:0px;border-bottom-left-radius:0px;border-bottom-right-radius:0px;margin-top:0px\">\n<figure class=\"wp-block-image cover\"><img decoding=\"async\" src=\"https:\/\/www.camping-la-siesta.com\/wp-content\/uploads\/2026\/02\/enfants-Aquarium-de-La-Rochelle-e1771256871449.jpg\" alt=\"\"\/><\/figure>\n\n\n\n<div class=\"wp-block-group has-global-padding is-layout-constrained wp-container-core-group-is-layout-86dba5ee wp-block-group-is-layout-constrained\" style=\"padding-top:var(--wp--preset--spacing--10);padding-right:var(--wp--preset--spacing--10);padding-bottom:var(--wp--preset--spacing--10);padding-left:var(--wp--preset--spacing--10)\"><h2 class=\"wp-block-post-title has-elegant-font-family\">La Rochelle Aquarium<\/h2>\n\n<div class=\"wp-block-post-excerpt\"><p class=\"wp-block-post-excerpt__excerpt\">France&#8217;s favourite aquarium! Every year, the Aquarium de La Rochelle attracts over 800,000 visitors, making it one of the most visited aquariums in Europe. Located in the heart of the&hellip; <\/p><\/div><\/div>\n<\/div>\n<\/a>\n<\/li><li class=\"wp-block-post post-4147 page type-page status-publish has-post-thumbnail hentry\">\n<a href=\"https:\/\/www.camping-la-siesta.com\/en\/surroundings-la-faute-sur-mer\/balades-randonnees-vendee\/\"    style=\"padding-top:0;padding-bottom:0;padding-left:0;padding-right:0;margin-top:0px;\" class=\"wp-block-tiptip-hyperlink-group-block\" >\n<div class=\"wp-block-group has-base-2-background-color has-background has-global-padding is-layout-constrained wp-block-group-is-layout-constrained\" style=\"border-top-left-radius:0px;border-top-right-radius:0px;border-bottom-left-radius:0px;border-bottom-right-radius:0px;margin-top:0px\">\n<figure class=\"wp-block-image cover\"><img decoding=\"async\" src=\"https:\/\/www.camping-la-siesta.com\/wp-content\/uploads\/2026\/02\/Radonneurs-chemin-cotier.jpg\" alt=\"\"\/><\/figure>\n\n\n\n<div class=\"wp-block-group has-global-padding is-layout-constrained wp-container-core-group-is-layout-86dba5ee wp-block-group-is-layout-constrained\" style=\"padding-top:var(--wp--preset--spacing--10);padding-right:var(--wp--preset--spacing--10);padding-bottom:var(--wp--preset--spacing--10);padding-left:var(--wp--preset--spacing--10)\"><h2 class=\"wp-block-post-title has-elegant-font-family\">Walks and hikes<\/h2>\n\n<div class=\"wp-block-post-excerpt\"><p class=\"wp-block-post-excerpt__excerpt\">By bike: the best cycle paths around the campsite For those who love cycling, there are a number of cycle paths where you can get around in complete safety. With&hellip; <\/p><\/div><\/div>\n<\/div>\n<\/a>\n<\/li><li class=\"wp-block-post post-4020 page type-page status-publish has-post-thumbnail hentry\">\n<a href=\"https:\/\/www.camping-la-siesta.com\/en\/surroundings-la-faute-sur-mer\/tourism-lay-estuary\/\"    style=\"padding-top:0;padding-bottom:0;padding-left:0;padding-right:0;margin-top:0px;\" class=\"wp-block-tiptip-hyperlink-group-block\" >\n<div class=\"wp-block-group has-base-2-background-color has-background has-global-padding is-layout-constrained wp-block-group-is-layout-constrained\" style=\"border-top-left-radius:0px;border-top-right-radius:0px;border-bottom-left-radius:0px;border-bottom-right-radius:0px;margin-top:0px\">\n<figure class=\"wp-block-image cover\"><img decoding=\"async\" src=\"https:\/\/www.camping-la-siesta.com\/wp-content\/uploads\/2026\/02\/La-Faute-sur-Mer-Estuaire-du-Lay.jpg\" alt=\"\"\/><\/figure>\n\n\n\n<div class=\"wp-block-group has-global-padding is-layout-constrained wp-container-core-group-is-layout-86dba5ee wp-block-group-is-layout-constrained\" style=\"padding-top:var(--wp--preset--spacing--10);padding-right:var(--wp--preset--spacing--10);padding-bottom:var(--wp--preset--spacing--10);padding-left:var(--wp--preset--spacing--10)\"><h2 class=\"wp-block-post-title has-elegant-font-family\">The Lay Estuary<\/h2>\n\n<div class=\"wp-block-post-excerpt\"><p class=\"wp-block-post-excerpt__excerpt\">The Lay Estuary: a rich, varied and protected ecosystem A diverse flora The banks of the estuary are covered with vegetation typical of wetlands and salt marshes. These include reeds,&hellip; <\/p><\/div><\/div>\n<\/div>\n<\/a>\n<\/li><\/ul>\n\n<nav class=\"wp-block-query-pagination is-content-justification-center is-layout-flex wp-container-core-query-pagination-is-layout-a89b3969 wp-block-query-pagination-is-layout-flex\" aria-label=\"Pagination\">\n\n\n<div class=\"wp-block-query-pagination-numbers\"><span aria-current=\"page\" class=\"page-numbers current\">1<\/span>\n<a class=\"page-numbers\" href=\"?query-0-page=2\">2<\/a>\n<a class=\"page-numbers\" href=\"?query-0-page=3\">3<\/a>\n<a class=\"page-numbers\" href=\"?query-0-page=4\">4<\/a><\/div>\n\n<a href=\"\/en\/wp-json\/wp\/v2\/pages\/4109?query-0-page=2\" class=\"wp-block-query-pagination-next\">Next Page<\/a>\n<\/nav>\n\n<\/div>\n<\/div>\n\n<div class=\"wp-block-group section-maillage has-custom-color-1-background-color has-background has-global-padding is-layout-constrained wp-container-core-group-is-layout-b2a531d2 wp-block-group-is-layout-constrained\" style=\"margin-top:0px;margin-bottom:0px;padding-top:var(--wp--preset--spacing--40);padding-right:0px;padding-bottom:var(--wp--preset--spacing--40);padding-left:0px\">\n<div class=\"wp-block-group shape has-custom-color-5-background-color has-background has-global-padding is-layout-constrained wp-container-core-group-is-layout-12243e0f wp-block-group-is-layout-constrained\" style=\"border-radius:0px\"><\/div>\n\n\n\n<div class=\"wp-block-group content has-global-padding is-layout-constrained wp-container-core-group-is-layout-02453b6a wp-block-group-is-layout-constrained\" style=\"margin-top:0px;margin-bottom:0px;padding-top:12rem;padding-right:8rem;padding-bottom:12rem;padding-left:8rem\">\n<p class=\"has-text-align-center has-base-2-color has-text-color has-link-color has-pirates-kids-font-family wp-elements-7f3ff127ad3bfdcb478673182d8a789b\" style=\"font-size:clamp(2.2rem, 2.2rem + ((1vw - 0.2rem) * 3), 4rem);\">Discover the campsite, restaurant and services<\/p>\n\n\n\n<div data-swiper=\"{&quot;speed&quot;:400,&quot;spaceBetween&quot;:16,&quot;slidesPerView&quot;:1,&quot;createElements&quot;:true,&quot;loop&quot;:true,&quot;freemode&quot;:true,&quot;navigation&quot;:{&quot;nextEl&quot;:&quot;buttonNext&quot;,&quot;prevEl&quot;:&quot;buttonPrev&quot;},&quot;pagination&quot;:{&quot;el&quot;:&quot;.swiper-pagination&quot;,&quot;dynamicBullets&quot;:true},&quot;breakpoints&quot;:[{&quot;slidesPerView&quot;:1}],&quot;autoplay&quot;:{&quot;delay&quot;:3000}}\" data-wp-context=\"{}\" data-wp-interactive=\"core\/query\" data-wp-key=\"1\" data-wp-router-region=\"query-1\" class=\"wp-block-query alignwide gt-fse-maillage-query gt-is-slider gt-is-slider-mobile is-layout-flow wp-block-query-is-layout-flow\"><ul class=\"has-link-color columns-3 wp-elements-f29737b1c33830f048a53424fc2ee67c wp-block-post-template has-text-color has-base-2-color is-layout-grid wp-container-core-post-template-is-layout-42cbe8f0 wp-block-post-template-is-layout-grid\"><li data-wp-key=\"post-template-item-4334\" class=\"wp-block-post post-4334 page type-page status-publish has-post-thumbnail hentry\">\n<a href=\"https:\/\/www.camping-la-siesta.com\/en\/camping-activities-la-faute-sur-mer\/\"    class=\"wp-block-tiptip-hyperlink-group-block wp-elements-f29737b1c33830f048a53424fc2ee67c\" >\n<div data-swiper=\"{&quot;speed&quot;:1000,&quot;autoplay&quot;:{&quot;delay&quot;:5000,&quot;disableOnInteraction&quot;:false},&quot;spaceBetween&quot;:0,&quot;slidesPerView&quot;:1,&quot;pagination&quot;:{&quot;el&quot;:&quot;.swiper-pagination&quot;,&quot;dynamicBullets&quot;:true,&quot;clickable&quot;:true,&quot;type&quot;:&quot;bullets&quot;},&quot;navigation&quot;:{&quot;nextEl&quot;:&quot;.swiper-button-next&quot;,&quot;prevEl&quot;:&quot;.swiper-button-prev&quot;},&quot;breakpoints&quot;:[{&quot;slidesPerView&quot;:1}]}\" class=\"wp-block-cover\" style=\"border-bottom-left-radius:0px;border-bottom-right-radius:0px\"><span aria-hidden=\"true\" class=\"wp-block-cover__background has-custom-color-1-background-color has-background-dim-20 has-background-dim\"><\/span><img decoding=\"async\" width=\"2000\" height=\"1123\" src=\"https:\/\/www.camping-la-siesta.com\/wp-content\/uploads\/2026\/02\/camping-mutlisport-vendee.jpg\" class=\"wp-block-cover__image-background wp-post-image\" alt=\"camping mutlisport vend\u00e9e\" data-object-fit=\"cover\" \/><div class=\"wp-block-cover__inner-container has-global-padding is-layout-constrained wp-block-cover-is-layout-constrained\">\n<figure class=\"wp-block-image\"><img decoding=\"async\" src=\"https:\/\/www.camping-la-siesta.com\/wp-content\/uploads\/2026\/02\/bateau-pirate-camping-vendee-1.jpg\" alt=\"Activities\"\/><\/figure>\n\n\n\n<p class=\"has-text-align-center has-base-2-color has-text-color has-link-color has-quotable-font-family wp-elements-3afbd387fb42c7057fb9a185c1e52393\" style=\"font-size:clamp(2.173rem, 2.173rem + ((1vw - 0.2rem) * 2.945), 3.94rem);line-height:1\">Activities<\/p>\n<\/div><\/div>\n<\/a>\n<\/li><li data-wp-key=\"post-template-item-4441\" class=\"wp-block-post post-4441 page type-page status-publish has-post-thumbnail hentry\">\n<a href=\"https:\/\/www.camping-la-siesta.com\/en\/snack-bar-restaurant-la-faute-sur-mer\/\"    class=\"wp-block-tiptip-hyperlink-group-block wp-elements-f29737b1c33830f048a53424fc2ee67c\" >\n<div data-swiper=\"{&quot;speed&quot;:1000,&quot;autoplay&quot;:{&quot;delay&quot;:5000,&quot;disableOnInteraction&quot;:false},&quot;spaceBetween&quot;:0,&quot;slidesPerView&quot;:1,&quot;pagination&quot;:{&quot;el&quot;:&quot;.swiper-pagination&quot;,&quot;dynamicBullets&quot;:true,&quot;clickable&quot;:true,&quot;type&quot;:&quot;bullets&quot;},&quot;navigation&quot;:{&quot;nextEl&quot;:&quot;.swiper-button-next&quot;,&quot;prevEl&quot;:&quot;.swiper-button-prev&quot;},&quot;breakpoints&quot;:[{&quot;slidesPerView&quot;:1}]}\" class=\"wp-block-cover\" style=\"border-bottom-left-radius:0px;border-bottom-right-radius:0px\"><span aria-hidden=\"true\" class=\"wp-block-cover__background has-custom-color-1-background-color has-background-dim-20 has-background-dim\"><\/span><img decoding=\"async\" width=\"1920\" height=\"835\" src=\"https:\/\/www.camping-la-siesta.com\/wp-content\/uploads\/2026\/02\/camping-la-siesta-restaurant.jpg\" class=\"wp-block-cover__image-background wp-post-image\" alt=\"camping la siesta restaurant\" data-object-fit=\"cover\" \/><div class=\"wp-block-cover__inner-container has-global-padding is-layout-constrained wp-block-cover-is-layout-constrained\">\n<figure class=\"wp-block-image\"><img decoding=\"async\" src=\"https:\/\/www.camping-la-siesta.com\/wp-content\/uploads\/2026\/02\/Restaurant-bar-Camping-La-Sieste-1.jpg\" alt=\"Restaurant bar Camping La Sieste\"\/><\/figure>\n\n\n\n<p class=\"has-text-align-center has-base-2-color has-text-color has-link-color has-quotable-font-family wp-elements-3afbd387fb42c7057fb9a185c1e52393\" style=\"font-size:clamp(2.173rem, 2.173rem + ((1vw - 0.2rem) * 2.945), 3.94rem);line-height:1\">Catering<\/p>\n<\/div><\/div>\n<\/a>\n<\/li><li data-wp-key=\"post-template-item-4266\" class=\"wp-block-post post-4266 page type-page status-publish has-post-thumbnail hentry\">\n<a href=\"https:\/\/www.camping-la-siesta.com\/en\/family-campsite-la-faute-sur-mer\/\"    class=\"wp-block-tiptip-hyperlink-group-block wp-elements-f29737b1c33830f048a53424fc2ee67c\" >\n<div data-swiper=\"{&quot;speed&quot;:1000,&quot;autoplay&quot;:{&quot;delay&quot;:5000,&quot;disableOnInteraction&quot;:false},&quot;spaceBetween&quot;:0,&quot;slidesPerView&quot;:1,&quot;pagination&quot;:{&quot;el&quot;:&quot;.swiper-pagination&quot;,&quot;dynamicBullets&quot;:true,&quot;clickable&quot;:true,&quot;type&quot;:&quot;bullets&quot;},&quot;navigation&quot;:{&quot;nextEl&quot;:&quot;.swiper-button-next&quot;,&quot;prevEl&quot;:&quot;.swiper-button-prev&quot;},&quot;breakpoints&quot;:[{&quot;slidesPerView&quot;:1}]}\" class=\"wp-block-cover\" style=\"border-bottom-left-radius:0px;border-bottom-right-radius:0px\"><span aria-hidden=\"true\" class=\"wp-block-cover__background has-custom-color-1-background-color has-background-dim-20 has-background-dim\"><\/span><img decoding=\"async\" width=\"2000\" height=\"1000\" src=\"https:\/\/www.camping-la-siesta.com\/wp-content\/uploads\/2026\/02\/Panorama-camping-la-siesta.jpg\" class=\"wp-block-cover__image-background wp-post-image\" alt=\"Panorama camping la siesta\" data-object-fit=\"cover\" \/><div class=\"wp-block-cover__inner-container has-global-padding is-layout-constrained wp-block-cover-is-layout-constrained\">\n<figure class=\"wp-block-image\"><img decoding=\"async\" src=\"https:\/\/www.camping-la-siesta.com\/wp-content\/uploads\/2026\/02\/camping-la-siesta-vu-du-ciel.jpg\" alt=\"Services\"\/><\/figure>\n\n\n\n<p class=\"has-text-align-center has-base-2-color has-text-color has-link-color has-quotable-font-family wp-elements-3afbd387fb42c7057fb9a185c1e52393\" style=\"font-size:clamp(2.173rem, 2.173rem + ((1vw - 0.2rem) * 2.945), 3.94rem);line-height:1\">Services<\/p>\n<\/div><\/div>\n<\/a>\n<\/li><\/ul><\/div>\n<\/div>\n<\/div>\n","protected":false},"excerpt":{"rendered":"<p>Surroundings Discover the campsite, restaurant and services<\/p>\n","protected":false},"author":1,"featured_media":4115,"parent":0,"menu_order":0,"comment_status":"closed","ping_status":"closed","template":"","meta":{"_seopress_robots_primary_cat":"","_seopress_titles_title":"Explorez les alentours du Camping 4 \u00e9toiles La Siesta","_seopress_titles_desc":"D\u00e9couvrez notre r\u00e9gion, savourez la cuisine locale et profitez d\u2019activit\u00e9s uniques pour vivre un s\u00e9jour inoubliable.","_seopress_robots_index":"","_gt_ctv_global_id":"13354","_gt_ctv_id_group":false,"inline_featured_image":false,"gt_fse_maillage_image":"https:\/\/www.camping-la-siesta.com\/wp-content\/uploads\/2026\/02\/decouvrez-la-Pointe-dArcay.jpg","gt_fse_maillage_titre":"Surroundings","gt_fse_maillage_alt":"discover the Pointe d'Ar\u00e7ay","gt_fse_maillage_resume":"Surroundings","footnotes":""},"categories":[],"tags":[],"class_list":["post-4109","page","type-page","status-publish","has-post-thumbnail","hentry"],"_links":{"self":[{"href":"https:\/\/www.camping-la-siesta.com\/en\/wp-json\/wp\/v2\/pages\/4109","targetHints":{"allow":["GET"]}}],"collection":[{"href":"https:\/\/www.camping-la-siesta.com\/en\/wp-json\/wp\/v2\/pages"}],"about":[{"href":"https:\/\/www.camping-la-siesta.com\/en\/wp-json\/wp\/v2\/types\/page"}],"author":[{"embeddable":true,"href":"https:\/\/www.camping-la-siesta.com\/en\/wp-json\/wp\/v2\/users\/1"}],"replies":[{"embeddable":true,"href":"https:\/\/www.camping-la-siesta.com\/en\/wp-json\/wp\/v2\/comments?post=4109"}],"version-history":[{"count":5,"href":"https:\/\/www.camping-la-siesta.com\/en\/wp-json\/wp\/v2\/pages\/4109\/revisions"}],"predecessor-version":[{"id":6684,"href":"https:\/\/www.camping-la-siesta.com\/en\/wp-json\/wp\/v2\/pages\/4109\/revisions\/6684"}],"wp:featuredmedia":[{"embeddable":true,"href":"https:\/\/www.camping-la-siesta.com\/en\/wp-json\/wp\/v2\/media\/4115"}],"wp:attachment":[{"href":"https:\/\/www.camping-la-siesta.com\/en\/wp-json\/wp\/v2\/media?parent=4109"}],"wp:term":[{"taxonomy":"category","embeddable":true,"href":"https:\/\/www.camping-la-siesta.com\/en\/wp-json\/wp\/v2\/categories?post=4109"},{"taxonomy":"post_tag","embeddable":true,"href":"https:\/\/www.camping-la-siesta.com\/en\/wp-json\/wp\/v2\/tags?post=4109"}],"curies":[{"name":"wp","href":"https:\/\/api.w.org\/{rel}","templated":true}]}}